{"id":25,"date":"2026-01-04T16:50:25","date_gmt":"2026-01-04T15:50:25","guid":{"rendered":"https:\/\/hotelbellevue-ax.fr\/?page_id=25"},"modified":"2026-01-06T10:44:44","modified_gmt":"2026-01-06T09:44:44","slug":"nos-chambres","status":"publish","type":"page","link":"https:\/\/hotelbellevue-ax.fr\/index.php\/nos-chambres\/","title":{"rendered":"Nos Chambres"},"content":{"rendered":"\n<div class=\"wp-block-columns alignfull has-text-color has-background is-layout-flex wp-container-core-columns-is-layout-28f84493 wp-block-columns-is-layout-flex\" style=\"color:#000000;background-color:#ffffff\">\n<div class=\"wp-block-column is-layout-flow wp-block-column-is-layout-flow\">\n<p>Toutes nos chambres poss\u00e8dent une salle d&#8217;eau privative avec WC, lavabo et douche. Elles disposent toutes du chauffage, d&#8217;une armoire, d&#8217;une t\u00e9l\u00e9vison et d&#8217;un acc\u00e8s au r\u00e9seau wifi de l&#8217;h\u00f4tel.<\/p>\n<\/div>\n<\/div>\n\n\n\n<div class=\"wp-block-columns alignfull has-base-background-color has-text-color has-background is-layout-flex wp-container-core-columns-is-layout-28f84493 wp-block-columns-is-layout-flex\" style=\"color:#000000\">\n<div class=\"wp-block-column is-layout-flow wp-block-column-is-layout-flow\">\n<h3 class=\"wp-block-heading has-contrast-color has-text-color has-link-color wp-elements-f7f3a6054d41a29a1097673e1996a0c4\" style=\"font-size:clamp(15.747px, 0.984rem + ((1vw - 3.2px) * 0.938), 24px);line-height:1.3\"><strong><a href=\"https:\/\/hotelbellevue-ax.fr\/index.php\/chambres-doubles-economiques\/\">Chambres doubles \u00e9conomiques<\/a><\/strong><\/h3>\n\n\n\n<p>Nos chambres doubles \u00e9conomiques, peuvent accueillir une \u00e0 deux personnes. Elles sont id\u00e9ales pour un s\u00e9jour de courte dur\u00e9e \u00e0 petit prix.<\/p>\n\n\n\n<p>Elles sont pourvues de salle de bain type cabine avec cabine de douche. Elles offrent dans un petit espace l&#8217;ensemble des commodit\u00e9s.<\/p>\n<\/div>\n\n\n\n<div class=\"wp-block-column is-layout-flow wp-block-column-is-layout-flow\">\n<h3 class=\"wp-block-heading has-contrast-color has-text-color has-link-color wp-elements-cbab3629d28e257ba2d21f118ae0b067\" style=\"font-size:clamp(15.747px, 0.984rem + ((1vw - 3.2px) * 0.938), 24px);line-height:1.3\"><strong><a href=\"https:\/\/hotelbellevue-ax.fr\/index.php\/chambres-doubles-standard\/\">Chambres doubles Standards <\/a><\/strong><\/h3>\n\n\n\n<p>Nos chambres doubles, peuvent accueillir une \u00e0 deux personnes. Elles sont id\u00e9ales pour un s\u00e9jour seul ou \u00e0 deux.<\/p>\n\n\n\n<p>Elles sont pourvues de salle d&#8217;eau de plus grandes dimension que les chambres doubles \u00e9conomiques offrant ainsi plus d&#8217;aisance et de confort.<\/p>\n<\/div>\n\n\n\n<div class=\"wp-block-column is-layout-flow wp-block-column-is-layout-flow\">\n<h3 class=\"wp-block-heading has-contrast-color has-text-color has-link-color wp-elements-42678c2e70ef3c362d298e8baab08003\" style=\"font-size:clamp(15.747px, 0.984rem + ((1vw - 3.2px) * 0.938), 24px);line-height:1.3\"><strong><a href=\"https:\/\/hotelbellevue-ax.fr\/index.php\/chambre-double-pmr\/\">Chambre double PMR (accessible aux Personnes \u00e0 Mobilit\u00e9 R\u00e9duite)<\/a><\/strong><\/h3>\n\n\n\n<p>Notre chambre double PMR est accessible aux Personnes \u00e0 Mobilit\u00e9 R\u00e9duite, elle n&#8217;est pour autant pas r\u00e9serv\u00e9e \u00e0 cet usage exclusif. Elle peut accueillir de une \u00e0 2 personnes.<\/p>\n\n\n\n<p>Adapt\u00e9e aux normes PRM elle saura s\u00e9duire tout h\u00f4te quelque soit la dur\u00e9e de son s\u00e9jour<\/p>\n<\/div>\n<\/div>\n\n\n\n<div class=\"wp-block-columns alignfull has-text-color has-background is-layout-flex wp-container-core-columns-is-layout-28f84493 wp-block-columns-is-layout-flex\" style=\"color:#000000;background-color:#ffffff\">\n<div class=\"wp-block-column is-layout-flow wp-block-column-is-layout-flow\">\n<h3 class=\"wp-block-heading has-contrast-color has-text-color has-link-color wp-elements-d4986d9e956f67d4cfcce66b7751acd5\" style=\"font-size:clamp(15.747px, 0.984rem + ((1vw - 3.2px) * 0.938), 24px);line-height:1.3\"><strong><a href=\"https:\/\/hotelbellevue-ax.fr\/index.php\/chambres-quadruples-standards\/\">Chambres quadruples standards<\/a><a href=\"http:\/\/wordpress.org\"> <\/a><\/strong><\/h3>\n\n\n\n<p>Nos chambres quadruples standard, peuvent accueillir une \u00e0 4 personnes. Elles sont id\u00e9ales pour un s\u00e9jour en famille <\/p>\n\n\n\n<p>Elles sont \u00e9quip\u00e9es d&#8217;un lit double et de deux lits superpos\u00e9s. <\/p>\n<\/div>\n\n\n\n<div class=\"wp-block-column is-layout-flow wp-block-column-is-layout-flow\">\n<h3 class=\"wp-block-heading has-contrast-color has-text-color has-link-color wp-elements-eeac7a9a703170ec520b4a8b04604f44\" style=\"font-size:clamp(15.747px, 0.984rem + ((1vw - 3.2px) * 0.938), 24px);line-height:1.3\"><strong><a href=\"https:\/\/hotelbellevue-ax.fr\/index.php\/chambres-quadruples-classiques\/\">Chambres quadruples classiques <\/a><\/strong><\/h3>\n\n\n\n<p>Nos chambres quadruples classiques, peuvent accueillir une \u00e0 4 personnes. Elles sont id\u00e9ales pour un s\u00e9jour en famille ou entre amis<\/p>\n\n\n\n<p>Elles sont \u00e9quip\u00e9es de deux lits doubles<\/p>\n<\/div>\n\n\n\n<div class=\"wp-block-column is-layout-flow wp-block-column-is-layout-flow\">\n<h3 class=\"wp-block-heading has-contrast-color has-text-color has-link-color wp-elements-58cb124694f191ad72dd28f9abde8c0f\" style=\"font-size:clamp(15.747px, 0.984rem + ((1vw - 3.2px) * 0.938), 24px);line-height:1.3\"><strong><a href=\"https:\/\/hotelbellevue-ax.fr\/index.php\/chambre-familiale\/\">Notre Chambre Familiale<\/a><\/strong><\/h3>\n\n\n\n<p>Notre chambre familiale peut accueillir de une \u00e0 cinq personnes. Id\u00e9ale pour les familles, les groupes e=ou les amis&#8230; <\/p>\n\n\n\n<p>Elle est \u00e9quip\u00e9e d&#8217;un lit double, d&#8217;un lit simple (en 90cm) et de deux lit supperpos\u00e9s.<\/p>\n<\/div>\n<\/div>\n","protected":false},"excerpt":{"rendered":"<p>Toutes nos chambres poss\u00e8dent une salle d&#8217;eau privative avec WC, lavabo et douche. Elles disposent toutes du chauffage, d&#8217;une armoire, d&#8217;une t\u00e9l\u00e9vison et d&#8217;un acc\u00e8s au r\u00e9seau wifi de l&#8217;h\u00f4tel. Chambres doubles \u00e9conomiques Nos chambres doubles \u00e9conomiques, peuvent accueillir une \u00e0 deux personnes. Elles sont id\u00e9ales pour un s\u00e9jour de courte dur\u00e9e \u00e0 petit prix. [&hellip;]<\/p>\n","protected":false},"author":1,"featured_media":0,"parent":0,"menu_order":0,"comment_status":"closed","ping_status":"closed","template":"","meta":{"footnotes":""},"class_list":["post-25","page","type-page","status-publish","hentry"],"_links":{"self":[{"href":"https:\/\/hotelbellevue-ax.fr\/index.php\/wp-json\/wp\/v2\/pages\/25","targetHints":{"allow":["GET"]}}],"collection":[{"href":"https:\/\/hotelbellevue-ax.fr\/index.php\/wp-json\/wp\/v2\/pages"}],"about":[{"href":"https:\/\/hotelbellevue-ax.fr\/index.php\/wp-json\/wp\/v2\/types\/page"}],"author":[{"embeddable":true,"href":"https:\/\/hotelbellevue-ax.fr\/index.php\/wp-json\/wp\/v2\/users\/1"}],"replies":[{"embeddable":true,"href":"https:\/\/hotelbellevue-ax.fr\/index.php\/wp-json\/wp\/v2\/comments?post=25"}],"version-history":[{"count":7,"href":"https:\/\/hotelbellevue-ax.fr\/index.php\/wp-json\/wp\/v2\/pages\/25\/revisions"}],"predecessor-version":[{"id":168,"href":"https:\/\/hotelbellevue-ax.fr\/index.php\/wp-json\/wp\/v2\/pages\/25\/revisions\/168"}],"wp:attachment":[{"href":"https:\/\/hotelbellevue-ax.fr\/index.php\/wp-json\/wp\/v2\/media?parent=25"}],"curies":[{"name":"wp","href":"https:\/\/api.w.org\/{rel}","templated":true}]}}